{"id":3295,"date":"2020-06-20T11:56:46","date_gmt":"2020-06-20T11:56:46","guid":{"rendered":"https:\/\/pappy-vuc.ch\/datenschutzerklaerung\/"},"modified":"2021-07-19T12:36:53","modified_gmt":"2021-07-19T10:36:53","slug":"datenschutzerklaerung","status":"publish","type":"page","link":"https:\/\/pappy-vuc.ch\/fr\/datenschutzerklaerung\/","title":{"rendered":"D\u00e9claration de confidentialit\u00e9"},"content":{"rendered":"<div class=\"fusion-fullwidth fullwidth-box fusion-builder-row-1 fusion-flex-container nonhundred-percent-fullwidth non-hundred-percent-height-scrolling\" style=\"--awb-border-radius-top-left:0px;--awb-border-radius-top-right:0px;--awb-border-radius-bottom-right:0px;--awb-border-radius-bottom-left:0px;--awb-flex-wrap:wrap;\" ><div class=\"fusion-builder-row fusion-row fusion-flex-align-items-flex-start fusion-flex-content-wrap\" style=\"max-width:1443.75px;margin-left: calc(-5% \/ 2 );margin-right: calc(-5% \/ 2 );\"><div class=\"fusion-layout-column fusion_builder_column fusion-builder-column-0 fusion_builder_column_1_1 1_1 fusion-flex-column\" style=\"--awb-bg-size:cover;--awb-width-large:100%;--awb-margin-top-large:0px;--awb-spacing-right-large:2.375%;--awb-margin-bottom-large:20px;--awb-spacing-left-large:2.375%;--awb-width-medium:100%;--awb-order-medium:0;--awb-spacing-right-medium:2.375%;--awb-spacing-left-medium:2.375%;--awb-width-small:100%;--awb-order-small:0;--awb-spacing-right-small:2.375%;--awb-spacing-left-small:2.375%;\"><div class=\"fusion-column-wrapper fusion-column-has-shadow fusion-flex-justify-content-flex-start fusion-content-layout-column\"><div class=\"fusion-text fusion-text-1\"><p>En vertu de l&#8217;article 13 de la Constitution f\u00e9d\u00e9rale suisse et des dispositions de la Conf\u00e9d\u00e9ration suisse en mati\u00e8re de protection des donn\u00e9es (Loi sur la protection des donn\u00e9es, LPD), toute personne a droit \u00e0 la protection de sa vie priv\u00e9e ainsi qu&#8217;\u00e0 la protection contre l&#8217;utilisation abusive de ses donn\u00e9es personnelles. Nous respectons strictement ces dispositions. Les donn\u00e9es personnelles sont trait\u00e9es de mani\u00e8re strictement confidentielle et ne sont ni vendues ni transmises \u00e0 des tiers.<\/p>\n<p>En \u00e9troite collaboration avec notre fournisseur d&#8217;h\u00e9bergement, nous nous effor\u00e7ons de prot\u00e9ger au mieux les bases de donn\u00e9es contre tout acc\u00e8s non autoris\u00e9, toute perte, tout usage abusif ou toute falsification. Lorsque vous acc\u00e9dez \u00e0 nos pages web, les donn\u00e9es suivantes sont stock\u00e9es dans des fichiers journaux : L&#8217;adresse IP, la date, l&#8217;heure, la demande du navigateur et les informations g\u00e9n\u00e9rales transmises sur le syst\u00e8me d&#8217;exploitation ou le navigateur. Ces donn\u00e9es d&#8217;utilisation servent de base \u00e0 des \u00e9valuations statistiques anonymes permettant d&#8217;identifier des tendances que nous pouvons utiliser pour am\u00e9liorer nos offres en cons\u00e9quence.<\/p>\n<p><strong>Qui sommes-nous ?<\/strong><\/p>\n<p>Ce site web et son contenu sont fournis par une personne priv\u00e9e sans int\u00e9r\u00eat commercial. La partie responsable en termes de lois sur la protection des donn\u00e9es, en particulier le r\u00e8glement g\u00e9n\u00e9ral de l&#8217;UE sur la protection des donn\u00e9es (DSGVO), est :<\/p>\n<p>Pappy-Vuc<br \/>\nChimie de l`observatoire 7<br \/>\n1700 Fribourg<\/p>\n<p>info@pappy-vuc.ch<\/p>\n<p><strong>Quelles sont les donn\u00e9es personnelles que nous collectons et pourquoi nous les collectons ?<\/strong><\/p>\n<p>Lorsque vous acc\u00e9dez \u00e0 ce site web, des informations de nature g\u00e9n\u00e9rale sont automatiquement collect\u00e9es. Ces informations sont enregistr\u00e9es dans le fichier journal du serveur et comprennent le type de navigateur web, le syst\u00e8me d&#8217;exploitation utilis\u00e9, le nom de domaine de votre fournisseur d&#8217;acc\u00e8s Internet, votre adresse IP, etc.<\/p>\n<p><strong>Et ce, pour la raison suivante :<\/strong><\/p>\n<ul>\n<li>S&#8217;assurer que la connexion au site web est \u00e9tablie sans probl\u00e8me.<\/li>\n<li>Pour assurer le bon fonctionnement de notre site web<\/li>\n<li>pour \u00e9valuer la s\u00e9curit\u00e9 et la stabilit\u00e9 du syst\u00e8me et<\/li>\n<li>\u00e0 d&#8217;autres fins administratives<\/li>\n<\/ul>\n<p>Vos donn\u00e9es ne seront pas utilis\u00e9es pour tirer des conclusions sur votre personne. Les informations de ce type sont uniquement \u00e9valu\u00e9es statistiquement afin d&#8217;optimiser notre site web et la technologie qui le sous-tend.<\/p>\n<p><strong>P\u00e9riode de stockage<\/strong><\/p>\n<p>Les donn\u00e9es sont supprim\u00e9es d\u00e8s qu&#8217;elles ne sont plus n\u00e9cessaires \u00e0 la finalit\u00e9 pour laquelle elles ont \u00e9t\u00e9 collect\u00e9es. C&#8217;est g\u00e9n\u00e9ralement le cas pour les donn\u00e9es utilis\u00e9es pour fournir le site web lorsque la session respective est termin\u00e9e.<\/p>\n<p><strong>Politique de confidentialit\u00e9 pour les commentaires<\/strong><\/p>\n<p>Lorsque les visiteurs publient des commentaires sur le site web, nous recueillons les donn\u00e9es affich\u00e9es dans le formulaire de commentaire, ainsi que l&#8217;adresse IP du visiteur et la cha\u00eene de l&#8217;agent utilisateur (qui identifie le navigateur) pour nous aider \u00e0 d\u00e9tecter les spams.<\/p>\n<p><strong>Politique de confidentialit\u00e9 pour l&#8217;utilisation des formulaires de contact<\/strong><\/p>\n<p>Les donn\u00e9es ne seront utilis\u00e9es que dans le strict but de traiter et de r\u00e9pondre aux demandes de renseignements. En envoyant le formulaire de contact, la personne concern\u00e9e consent au traitement. Une fois le traitement de la demande de la personne concern\u00e9e termin\u00e9, les donn\u00e9es collect\u00e9es seront supprim\u00e9es dans la mesure o\u00f9 elles ne sont pas n\u00e9cessaires au traitement ult\u00e9rieur de la demande ou d&#8217;une commande qui en d\u00e9coule.<\/p>\n<p><strong>Politique de confidentialit\u00e9 pour l&#8217;utilisation des biblioth\u00e8ques de scripts<\/strong><\/p>\n<p>Afin d&#8217;afficher notre contenu correctement d&#8217;un navigateur \u00e0 l&#8217;autre et d&#8217;une mani\u00e8re graphiquement attrayante, nous utilisons sur ce site Web &#8220;Google Web Fonts&#8221; de Google LLC (1600 Amphitheatre Parkway, Mountain View, CA 94043, USA ; ci-apr\u00e8s &#8220;Google&#8221;) pour afficher les polices.<\/p>\n<p>La politique de confidentialit\u00e9 de l&#8217;op\u00e9rateur de biblioth\u00e8que Google peut \u00eatre consult\u00e9e ici : https:\/\/www.google.com\/policies\/privacy\/.<\/p>\n<p><strong>R\u00e8gles de confidentialit\u00e9 pour l&#8217;utilisation de Google Maps<\/strong><\/p>\n<p>Sur ce site, nous utilisons l&#8217;offre de Google Maps. Google Maps est exploit\u00e9 par Google LLC, 1600 Amphitheatre Parkway, Mountain View, CA 94043, \u00c9tats-Unis (ci-apr\u00e8s &#8220;Google&#8221;). Cela nous permet d&#8217;afficher des cartes interactives directement sur le site web et vous permet d&#8217;utiliser la fonction carte de mani\u00e8re pratique.<\/p>\n<p>Vous trouverez de plus amples informations sur le traitement des donn\u00e9es par Google dans les r\u00e8gles de confidentialit\u00e9 de Google. Vous pouvez \u00e9galement y modifier vos param\u00e8tres de confidentialit\u00e9 personnels dans le centre de confidentialit\u00e9.<\/p>\n<p><strong>Politique de confidentialit\u00e9 pour les vid\u00e9os YouTube int\u00e9gr\u00e9es<\/strong><\/p>\n<p>Nous int\u00e9grons des vid\u00e9os YouTube sur certains de nos sites web. L&#8217;exploitant des plugins correspondants est YouTube, LLC, 901 Cherry Ave, San Bruno, CA 94066, USA (ci-apr\u00e8s &#8220;YouTube&#8221;). Lorsque vous visitez une page avec le plugin YouTube, une connexion aux serveurs de YouTube est \u00e9tablie. Au cours de ce processus, YouTube est inform\u00e9 des pages que vous visitez. Si vous \u00eates connect\u00e9 \u00e0 votre compte YouTube, YouTube peut vous attribuer personnellement votre comportement de navigation. Vous pouvez \u00e9viter cela en vous d\u00e9connectant au pr\u00e9alable de votre compte YouTube.<\/p>\n<p>Si une vid\u00e9o YouTube est lanc\u00e9e, le fournisseur utilise des cookies qui recueillent des informations sur le comportement de l&#8217;utilisateur.<\/p>\n<p><strong>Politique de confidentialit\u00e9 pour l&#8217;utilisation de Google Analytics<\/strong><\/p>\n<p>Ce site Web utilise Google Analytics, un service d&#8217;analyse du Web fourni par Google, Inc. (&#8220;Google&#8221;), avec l&#8217;extension &#8220;_anonymizeIp()&#8221;. Ce faisant, les adresses IP sont trait\u00e9es sous une forme abr\u00e9g\u00e9e, ce qui signifie qu&#8217;il n&#8217;est pas possible d&#8217;associer ces donn\u00e9es \u00e0 une personne sp\u00e9cifique. Dans la mesure o\u00f9 les donn\u00e9es recueillies \u00e0 votre sujet permettent de vous identifier personnellement, cela est imm\u00e9diatement exclu et les donn\u00e9es personnelles sont imm\u00e9diatement supprim\u00e9es.<\/p>\n<p>Google Analytics utilise des &#8220;cookies&#8221;, qui sont des fichiers texte plac\u00e9s sur votre ordinateur, pour aider le site internet \u00e0 analyser l&#8217;utilisation du site par ses utilisateurs. Les informations g\u00e9n\u00e9r\u00e9es par les cookies concernant votre utilisation du site Web sont transmises \u00e0 un serveur de Google aux \u00c9tats-Unis et y sont stock\u00e9es. Toutefois, en activant l&#8217;anonymisation IP sur ce site, votre adresse IP sera pr\u00e9alablement raccourcie par Google et ne pourra plus \u00eatre attribu\u00e9e. Ce n&#8217;est que dans des cas exceptionnels que l&#8217;adresse IP compl\u00e8te est transmise \u00e0 un serveur de Google aux \u00c9tats-Unis, o\u00f9 elle est ensuite raccourcie. Google utilisera cette information dans le but d&#8217;\u00e9valuer votre utilisation du site, de compiler des rapports sur l&#8217;activit\u00e9 du site \u00e0 destination de son \u00e9diteur et de fournir d&#8217;autres services relatifs \u00e0 l&#8217;activit\u00e9 du site et \u00e0 l&#8217;utilisation d&#8217;Internet. Google peut \u00e9galement transmettre ces informations \u00e0 des tiers si la loi l&#8217;exige ou si ces tiers traitent ces informations pour le compte de Google. L&#8217;adresse IP transmise par votre navigateur dans le cadre de Google Analytics ne sera pas fusionn\u00e9e avec d&#8217;autres donn\u00e9es de Google. Vous pouvez refuser l&#8217;utilisation de cookies en s\u00e9lectionnant les param\u00e8tres appropri\u00e9s de votre navigateur, mais veuillez noter que si vous faites cela, vous ne pourrez peut-\u00eatre pas utiliser toutes les fonctionnalit\u00e9s de ce site web. En utilisant ce site Web, vous consentez au traitement des donn\u00e9es vous concernant par Google de la mani\u00e8re et aux fins d\u00e9crites ci-dessus.<\/p>\n<p><strong>Politique de confidentialit\u00e9 pour l&#8217;enregistrement et la commande via notre boutique en ligne<\/strong><\/p>\n<p>La personne concern\u00e9e a la possibilit\u00e9 de s&#8217;inscrire et de commander des services sur le site web du responsable du traitement en fournissant des donn\u00e9es personnelles. Le masque de saisie utilis\u00e9 pour l&#8217;enregistrement ou la commande d\u00e9termine quelles donn\u00e9es personnelles sont transmises au responsable du traitement au cours du processus. Les donn\u00e9es personnelles saisies par la personne concern\u00e9e sont collect\u00e9es et stock\u00e9es exclusivement pour un usage interne au responsable du traitement et pour ses propres besoins. Le responsable du traitement peut faire en sorte que les donn\u00e9es soient transmises \u00e0 un ou plusieurs sous-traitants, par exemple un fournisseur de services de colis, qui utiliseront \u00e9galement les donn\u00e9es \u00e0 caract\u00e8re personnel exclusivement pour un usage interne imputable au responsable du traitement.<\/p>\n<p>En s&#8217;inscrivant ou en passant une commande sur le site web du responsable du traitement, l&#8217;adresse IP attribu\u00e9e par le fournisseur d&#8217;acc\u00e8s \u00e0 Internet (FAI) de la personne concern\u00e9e, la date ainsi que l&#8217;heure de l&#8217;inscription ou de la commande sont en outre stock\u00e9es. Le stockage de ces donn\u00e9es a lieu dans la mesure o\u00f9 ce n&#8217;est que de cette mani\u00e8re que l&#8217;on peut emp\u00eacher l&#8217;utilisation abusive de nos services et, si n\u00e9cessaire, ces donn\u00e9es permettent d&#8217;\u00e9lucider les infractions p\u00e9nales commises. \u00c0 cet \u00e9gard, le stockage de ces donn\u00e9es est n\u00e9cessaire pour la protection du responsable du traitement. Par principe, ces donn\u00e9es ne seront pas divulgu\u00e9es \u00e0 des tiers, sauf s&#8217;il existe une obligation l\u00e9gale de les divulguer ou si la divulgation sert \u00e0 des fins de poursuites p\u00e9nales.<\/p>\n<p>L&#8217;enregistrement ou la commande de la personne concern\u00e9e en fournissant volontairement des donn\u00e9es personnelles sert au responsable du traitement \u00e0 offrir \u00e0 la personne concern\u00e9e des contenus ou des services qui, en raison de la nature de la question, ne peuvent \u00eatre offerts qu&#8217;aux utilisateurs enregistr\u00e9s. Les personnes enregistr\u00e9es sont libres de modifier \u00e0 tout moment les donn\u00e9es personnelles fournies au moment de l&#8217;enregistrement ou de la commande ou de les faire supprimer compl\u00e8tement de la base de donn\u00e9es du responsable du traitement.<\/p>\n<p>Le responsable du traitement fournit \u00e0 toute personne concern\u00e9e, \u00e0 tout moment et sur demande, des informations sur les donn\u00e9es \u00e0 caract\u00e8re personnel stock\u00e9es concernant la personne concern\u00e9e. En outre, le responsable du traitement rectifie ou efface les donn\u00e9es \u00e0 caract\u00e8re personnel \u00e0 la demande ou sur indication de la personne concern\u00e9e, \u00e0 condition que cela ne soit pas contraire aux obligations l\u00e9gales de conservation. Tous les employ\u00e9s du responsable du traitement sont \u00e0 la disposition de la personne concern\u00e9e en tant que personnes de contact dans ce contexte.<\/p>\n<p><strong>Les droits dont vous disposez sur vos donn\u00e9es<\/strong><\/p>\n<p>Si vous avez un compte sur ce site web ou si vous avez publi\u00e9 des commentaires, vous pouvez demander l&#8217;exportation de vos donn\u00e9es personnelles, y compris celles que vous nous avez fournies. En outre, vous pouvez demander la suppression de toutes les donn\u00e9es personnelles que nous d\u00e9tenons \u00e0 votre sujet. Cela ne comprend pas les donn\u00e9es que nous sommes tenus de conserver pour des raisons administratives, juridiques ou de s\u00e9curit\u00e9.<\/p>\n<p><strong>Cryptage SSL<\/strong><\/p>\n<p>Pour prot\u00e9ger la s\u00e9curit\u00e9 de vos donn\u00e9es lors de leur transmission, nous utilisons des proc\u00e9dures de cryptage de pointe (par exemple SSL) via HTTPS.<\/p>\n<p><strong>Changements<\/strong><\/p>\n<p>Nous pouvons modifier cette politique de confidentialit\u00e9 \u00e0 tout moment sans pr\u00e9avis. La version actuelle publi\u00e9e sur notre site web s&#8217;applique.<\/p>\n<p><strong>Questions au d\u00e9l\u00e9gu\u00e9 \u00e0 la protection des donn\u00e9es<\/strong><\/p>\n<p>Si vous avez des questions sur la protection des donn\u00e9es, veuillez nous \u00e9crire un e-mail ou contacter directement la personne responsable de la protection des donn\u00e9es dans notre organisation, dont le nom figure au d\u00e9but de la d\u00e9claration sur la protection des donn\u00e9es.<\/p>\n<\/div><\/div><\/div><div class=\"fusion-layout-column fusion_builder_column fusion-builder-column-1 fusion_builder_column_1_1 1_1 fusion-flex-column\" style=\"--awb-bg-size:cover;--awb-width-large:100%;--awb-margin-top-large:0px;--awb-spacing-right-large:2.375%;--awb-margin-bottom-large:20px;--awb-spacing-left-large:2.375%;--awb-width-medium:100%;--awb-order-medium:0;--awb-spacing-right-medium:2.375%;--awb-spacing-left-medium:2.375%;--awb-width-small:100%;--awb-order-small:0;--awb-spacing-right-small:2.375%;--awb-spacing-left-small:2.375%;\"><div class=\"fusion-column-wrapper fusion-column-has-shadow fusion-flex-justify-content-flex-start fusion-content-layout-column\"><div class=\"fusion-title title fusion-title-1 fusion-sep-none fusion-title-text fusion-title-size-three\" style=\"--awb-margin-top-small:10px;--awb-margin-right-small:0px;--awb-margin-bottom-small:10px;--awb-margin-left-small:0px;\"><h3 class=\"fusion-title-heading title-heading-left\" style=\"margin:0;\">Utilisation des cookies<\/h3><\/div><div class=\"fusion-text fusion-text-2\"><p>Ce site web utilise des cookies. Les cookies sont de petits fichiers texte qui sont stock\u00e9s de mani\u00e8re permanente ou temporaire dans votre ordinateur lorsque vous visitez ce site web. L&#8217;objectif des cookies est notamment d&#8217;analyser l&#8217;utilisation de ce site web \u00e0 des fins d&#8217;\u00e9valuation statistique ainsi que d&#8217;am\u00e9lioration continue. Dans votre navigateur, vous pouvez \u00e0 tout moment d\u00e9sactiver les cookies en totalit\u00e9 ou en partie dans les param\u00e8tres. Si les cookies sont d\u00e9sactiv\u00e9s, il se peut que vous ne puissiez plus utiliser toutes les fonctions de ce site web.<\/p>\n<\/div><\/div><\/div><\/div><\/div>\n","protected":false},"excerpt":{"rendered":"","protected":false},"author":2,"featured_media":0,"parent":0,"menu_order":22,"comment_status":"closed","ping_status":"closed","template":"","meta":{"footnotes":""},"class_list":["post-3295","page","type-page","status-publish","hentry"],"yoast_head":"<!-- This site is optimized with the Yoast SEO plugin v27.4 - https:\/\/yoast.com\/product\/yoast-seo-wordpress\/ -->\n<title>D\u00e9claration de confidentialit\u00e9 | Pappy Vuc<\/title>\n<meta name=\"robots\" content=\"index, follow, max-snippet:-1, max-image-preview:large, max-video-preview:-1\" \/>\n<link rel=\"canonical\" href=\"https:\/\/pappy-vuc.ch\/fr\/datenschutzerklaerung\/\" \/>\n<meta property=\"og:locale\" content=\"fr_FR\" \/>\n<meta property=\"og:type\" content=\"article\" \/>\n<meta property=\"og:title\" content=\"D\u00e9claration de confidentialit\u00e9 | Pappy Vuc\" \/>\n<meta property=\"og:url\" content=\"https:\/\/pappy-vuc.ch\/fr\/datenschutzerklaerung\/\" \/>\n<meta property=\"og:site_name\" content=\"Pappy Vuc\" \/>\n<meta property=\"article:modified_time\" content=\"2021-07-19T10:36:53+00:00\" \/>\n<meta name=\"twitter:card\" content=\"summary_large_image\" \/>\n<meta name=\"twitter:label1\" content=\"Dur\u00e9e de lecture estim\u00e9e\" \/>\n\t<meta name=\"twitter:data1\" content=\"9 minutes\" \/>\n<script type=\"application\/ld+json\" class=\"yoast-schema-graph\">{\"@context\":\"https:\\\/\\\/schema.org\",\"@graph\":[{\"@type\":\"WebPage\",\"@id\":\"https:\\\/\\\/pappy-vuc.ch\\\/fr\\\/datenschutzerklaerung\\\/\",\"url\":\"https:\\\/\\\/pappy-vuc.ch\\\/fr\\\/datenschutzerklaerung\\\/\",\"name\":\"D\u00e9claration de confidentialit\u00e9 | Pappy Vuc\",\"isPartOf\":{\"@id\":\"https:\\\/\\\/pappy-vuc.ch\\\/fr\\\/#website\"},\"datePublished\":\"2020-06-20T11:56:46+00:00\",\"dateModified\":\"2021-07-19T10:36:53+00:00\",\"breadcrumb\":{\"@id\":\"https:\\\/\\\/pappy-vuc.ch\\\/fr\\\/datenschutzerklaerung\\\/#breadcrumb\"},\"inLanguage\":\"fr-FR\",\"potentialAction\":[{\"@type\":\"ReadAction\",\"target\":[\"https:\\\/\\\/pappy-vuc.ch\\\/fr\\\/datenschutzerklaerung\\\/\"]}]},{\"@type\":\"BreadcrumbList\",\"@id\":\"https:\\\/\\\/pappy-vuc.ch\\\/fr\\\/datenschutzerklaerung\\\/#breadcrumb\",\"itemListElement\":[{\"@type\":\"ListItem\",\"position\":1,\"name\":\"Home\",\"item\":\"https:\\\/\\\/pappy-vuc.ch\\\/fr\\\/\"},{\"@type\":\"ListItem\",\"position\":2,\"name\":\"D\u00e9claration de confidentialit\u00e9\"}]},{\"@type\":\"WebSite\",\"@id\":\"https:\\\/\\\/pappy-vuc.ch\\\/fr\\\/#website\",\"url\":\"https:\\\/\\\/pappy-vuc.ch\\\/fr\\\/\",\"name\":\"Pappy Vuc\",\"description\":\"Gourmet Trockenfleisch\",\"publisher\":{\"@id\":\"https:\\\/\\\/pappy-vuc.ch\\\/fr\\\/#organization\"},\"potentialAction\":[{\"@type\":\"SearchAction\",\"target\":{\"@type\":\"EntryPoint\",\"urlTemplate\":\"https:\\\/\\\/pappy-vuc.ch\\\/fr\\\/?s={search_term_string}\"},\"query-input\":{\"@type\":\"PropertyValueSpecification\",\"valueRequired\":true,\"valueName\":\"search_term_string\"}}],\"inLanguage\":\"fr-FR\"},{\"@type\":\"Organization\",\"@id\":\"https:\\\/\\\/pappy-vuc.ch\\\/fr\\\/#organization\",\"name\":\"Pappy Vuc Gourmet Trockenfleisch\",\"url\":\"https:\\\/\\\/pappy-vuc.ch\\\/fr\\\/\",\"logo\":{\"@type\":\"ImageObject\",\"inLanguage\":\"fr-FR\",\"@id\":\"https:\\\/\\\/pappy-vuc.ch\\\/fr\\\/#\\\/schema\\\/logo\\\/image\\\/\",\"url\":\"https:\\\/\\\/pappy-vuc.ch\\\/wp-content\\\/uploads\\\/2020\\\/10\\\/LogoPappyVuc-Final-2020-200.png\",\"contentUrl\":\"https:\\\/\\\/pappy-vuc.ch\\\/wp-content\\\/uploads\\\/2020\\\/10\\\/LogoPappyVuc-Final-2020-200.png\",\"width\":205,\"height\":200,\"caption\":\"Pappy Vuc Gourmet Trockenfleisch\"},\"image\":{\"@id\":\"https:\\\/\\\/pappy-vuc.ch\\\/fr\\\/#\\\/schema\\\/logo\\\/image\\\/\"}}]}<\/script>\n<!-- \/ Yoast SEO plugin. -->","yoast_head_json":{"title":"D\u00e9claration de confidentialit\u00e9 | Pappy Vuc","robots":{"index":"index","follow":"follow","max-snippet":"max-snippet:-1","max-image-preview":"max-image-preview:large","max-video-preview":"max-video-preview:-1"},"canonical":"https:\/\/pappy-vuc.ch\/fr\/datenschutzerklaerung\/","og_locale":"fr_FR","og_type":"article","og_title":"D\u00e9claration de confidentialit\u00e9 | Pappy Vuc","og_url":"https:\/\/pappy-vuc.ch\/fr\/datenschutzerklaerung\/","og_site_name":"Pappy Vuc","article_modified_time":"2021-07-19T10:36:53+00:00","twitter_card":"summary_large_image","twitter_misc":{"Dur\u00e9e de lecture estim\u00e9e":"9 minutes"},"schema":{"@context":"https:\/\/schema.org","@graph":[{"@type":"WebPage","@id":"https:\/\/pappy-vuc.ch\/fr\/datenschutzerklaerung\/","url":"https:\/\/pappy-vuc.ch\/fr\/datenschutzerklaerung\/","name":"D\u00e9claration de confidentialit\u00e9 | Pappy Vuc","isPartOf":{"@id":"https:\/\/pappy-vuc.ch\/fr\/#website"},"datePublished":"2020-06-20T11:56:46+00:00","dateModified":"2021-07-19T10:36:53+00:00","breadcrumb":{"@id":"https:\/\/pappy-vuc.ch\/fr\/datenschutzerklaerung\/#breadcrumb"},"inLanguage":"fr-FR","potentialAction":[{"@type":"ReadAction","target":["https:\/\/pappy-vuc.ch\/fr\/datenschutzerklaerung\/"]}]},{"@type":"BreadcrumbList","@id":"https:\/\/pappy-vuc.ch\/fr\/datenschutzerklaerung\/#breadcrumb","itemListElement":[{"@type":"ListItem","position":1,"name":"Home","item":"https:\/\/pappy-vuc.ch\/fr\/"},{"@type":"ListItem","position":2,"name":"D\u00e9claration de confidentialit\u00e9"}]},{"@type":"WebSite","@id":"https:\/\/pappy-vuc.ch\/fr\/#website","url":"https:\/\/pappy-vuc.ch\/fr\/","name":"Pappy Vuc","description":"Gourmet Trockenfleisch","publisher":{"@id":"https:\/\/pappy-vuc.ch\/fr\/#organization"},"potentialAction":[{"@type":"SearchAction","target":{"@type":"EntryPoint","urlTemplate":"https:\/\/pappy-vuc.ch\/fr\/?s={search_term_string}"},"query-input":{"@type":"PropertyValueSpecification","valueRequired":true,"valueName":"search_term_string"}}],"inLanguage":"fr-FR"},{"@type":"Organization","@id":"https:\/\/pappy-vuc.ch\/fr\/#organization","name":"Pappy Vuc Gourmet Trockenfleisch","url":"https:\/\/pappy-vuc.ch\/fr\/","logo":{"@type":"ImageObject","inLanguage":"fr-FR","@id":"https:\/\/pappy-vuc.ch\/fr\/#\/schema\/logo\/image\/","url":"https:\/\/pappy-vuc.ch\/wp-content\/uploads\/2020\/10\/LogoPappyVuc-Final-2020-200.png","contentUrl":"https:\/\/pappy-vuc.ch\/wp-content\/uploads\/2020\/10\/LogoPappyVuc-Final-2020-200.png","width":205,"height":200,"caption":"Pappy Vuc Gourmet Trockenfleisch"},"image":{"@id":"https:\/\/pappy-vuc.ch\/fr\/#\/schema\/logo\/image\/"}}]}},"_links":{"self":[{"href":"https:\/\/pappy-vuc.ch\/fr\/wp-json\/wp\/v2\/pages\/3295","targetHints":{"allow":["GET"]}}],"collection":[{"href":"https:\/\/pappy-vuc.ch\/fr\/wp-json\/wp\/v2\/pages"}],"about":[{"href":"https:\/\/pappy-vuc.ch\/fr\/wp-json\/wp\/v2\/types\/page"}],"author":[{"embeddable":true,"href":"https:\/\/pappy-vuc.ch\/fr\/wp-json\/wp\/v2\/users\/2"}],"replies":[{"embeddable":true,"href":"https:\/\/pappy-vuc.ch\/fr\/wp-json\/wp\/v2\/comments?post=3295"}],"version-history":[{"count":5,"href":"https:\/\/pappy-vuc.ch\/fr\/wp-json\/wp\/v2\/pages\/3295\/revisions"}],"predecessor-version":[{"id":4061,"href":"https:\/\/pappy-vuc.ch\/fr\/wp-json\/wp\/v2\/pages\/3295\/revisions\/4061"}],"wp:attachment":[{"href":"https:\/\/pappy-vuc.ch\/fr\/wp-json\/wp\/v2\/media?parent=3295"}],"curies":[{"name":"wp","href":"https:\/\/api.w.org\/{rel}","templated":true}]}}